{"id":1940,"date":"2020-10-08T13:59:15","date_gmt":"2020-10-08T11:59:15","guid":{"rendered":"http:\/\/gatel.fr\/wp\/?page_id=1940"},"modified":"2023-06-06T18:48:08","modified_gmt":"2023-06-06T16:48:08","slug":"brises-roche","status":"publish","type":"page","link":"http:\/\/europe-equipement.com\/index.php\/nos-produits\/tp-demolition\/brises-roche\/","title":{"rendered":"Brises roche"},"content":{"rendered":"\t\t<div data-elementor-type=\"wp-page\" data-elementor-id=\"1940\" class=\"elementor elementor-1940\">\n\t\t\t\t\t\t<section class=\"elementor-section elementor-top-section elementor-element elementor-element-f25c450 elementor-section-stretched elementor-section-full_width elementor-section-height-default elementor-section-height-default\" data-id=\"f25c450\" data-element_type=\"section\" data-e-type=\"section\" data-settings=\"{&quot;stretch_section&quot;:&quot;section-stretched&quot;}\">\n\t\t\t\t\t\t<div class=\"elementor-container elementor-column-gap-no\">\n\t\t\t\t\t<div class=\"elementor-column elementor-col-100 elementor-top-column elementor-element elementor-element-4bf466a\" data-id=\"4bf466a\" data-element_type=\"column\" data-e-type=\"column\">\n\t\t\t<div class=\"elementor-widget-wrap elementor-element-populated\">\n\t\t\t\t\t\t<div class=\"elementor-element elementor-element-cae012e elementor-widget__width-inherit elementor-absolute elementor-widget elementor-widget-heading\" data-id=\"cae012e\" data-element_type=\"widget\" data-e-type=\"widget\" data-settings=\"{&quot;_position&quot;:&quot;absolute&quot;}\" data-widget_type=\"heading.default\">\n\t\t\t\t<div class=\"elementor-widget-container\">\n\t\t\t\t\t<h1 class=\"elementor-heading-title elementor-size-xxl\">BRISES ROCHE<\/h1>\t\t\t\t<\/div>\n\t\t\t\t<\/div>\n\t\t\t\t<div class=\"elementor-element elementor-element-a012484 elementor-widget elementor-widget-eael-image-accordion\" data-id=\"a012484\" data-element_type=\"widget\" data-e-type=\"widget\" data-widget_type=\"eael-image-accordion.default\">\n\t\t\t\t<div class=\"elementor-widget-container\">\n\t\t\t\t\t    <div class=\"eael-img-accordion accordion-direction-horizontal eael-img-accordion-horizontal-align-center eael-img-accordion-vertical-align-center\" id=\"eael-img-accordion-a012484\" data-img-accordion-id=\"a012484\" data-img-accordion-type=\"on-hover\">\n                    \n            <div class=\"eael-image-accordion-hover eael-image-accordion-item\" style=\"background-image: url(http:\/\/europe-equipement.com\/wp-content\/uploads\/2020\/09\/PLADDET-PDH-4.jpg);\"  tabindex=\"0\">\n                <div class=\"overlay\">\n                                        <div class=\"overlay-inner \">\n                                            <\/div>\n                <\/div>\n            <\/div>\n                    \n            <div class=\"eael-image-accordion-hover eael-image-accordion-item\" style=\"background-image: url(http:\/\/europe-equipement.com\/wp-content\/uploads\/2020\/09\/PLADDET-PDH-3.jpg);\"  tabindex=\"0\">\n                <div class=\"overlay\">\n                                        <div class=\"overlay-inner \">\n                                            <\/div>\n                <\/div>\n            <\/div>\n                    \n            <div class=\"eael-image-accordion-hover eael-image-accordion-item\" style=\"background-image: url(http:\/\/europe-equipement.com\/wp-content\/uploads\/2020\/09\/PLADDET-PDH-2.jpg);\"  tabindex=\"0\">\n                <div class=\"overlay\">\n                                        <div class=\"overlay-inner \">\n                                            <\/div>\n                <\/div>\n            <\/div>\n                <\/div>\n        <style typr=\"text\/css\">\n                    #eael-img-accordion-a012484 .eael-image-accordion-hover:hover {\n                        flex: 3 1 0% !important;\n                    }\n                    #eael-img-accordion-a012484 .eael-image-accordion-hover:hover:hover .overlay-inner * {\n                        opacity: 1;\n                        visibility: visible;\n                        transform: none;\n                        transition: all .3s .3s;\n                    }\n                <\/style>\t\t\t\t<\/div>\n\t\t\t\t<\/div>\n\t\t\t\t\t<\/div>\n\t\t<\/div>\n\t\t\t\t\t<\/div>\n\t\t<\/section>\n\t\t\t\t<section class=\"elementor-section elementor-top-section elementor-element elementor-element-4fd2cfb elementor-section-stretched elementor-section-full_width elementor-section-height-default elementor-section-height-default\" data-id=\"4fd2cfb\" data-element_type=\"section\" data-e-type=\"section\" data-settings=\"{&quot;stretch_section&quot;:&quot;section-stretched&quot;}\">\n\t\t\t\t\t\t<div class=\"elementor-container elementor-column-gap-no\">\n\t\t\t\t\t<div class=\"elementor-column elementor-col-100 elementor-top-column elementor-element elementor-element-07b6778\" data-id=\"07b6778\" data-element_type=\"column\" data-e-type=\"column\">\n\t\t\t<div class=\"elementor-widget-wrap elementor-element-populated\">\n\t\t\t\t\t\t<div class=\"elementor-element elementor-element-33fd30f elementor-widget elementor-widget-eael-adv-tabs\" data-id=\"33fd30f\" data-element_type=\"widget\" data-e-type=\"widget\" data-widget_type=\"eael-adv-tabs.default\">\n\t\t\t\t<div class=\"elementor-widget-container\">\n\t\t\t\t\t        <div data-scroll-on-click=\"no\" data-scroll-speed=\"300\" id=\"eael-advance-tabs-33fd30f\" class=\"eael-advance-tabs eael-tabs-horizontal eael-tab-auto-active \" data-tabid=\"33fd30f\">\n            <div class=\"eael-tabs-nav \">\n                <ul class=\"eael-tab-inline-icon\" role=\"tablist\">\n                                            <li id=\"pladdet\" class=\"inactive eael-tab-item-trigger eael-tab-nav-item\" aria-selected=\"true\" data-tab=\"1\" role=\"tab\" tabindex=\"0\" aria-controls=\"pladdet-tab\" aria-expanded=\"false\">\n                            \n                                                                <svg xmlns:dc=\"http:\/\/purl.org\/dc\/elements\/1.1\/\" xmlns:cc=\"http:\/\/creativecommons.org\/ns#\" xmlns:rdf=\"http:\/\/www.w3.org\/1999\/02\/22-rdf-syntax-ns#\" xmlns:svg=\"http:\/\/www.w3.org\/2000\/svg\" xmlns=\"http:\/\/www.w3.org\/2000\/svg\" xmlns:sodipodi=\"http:\/\/sodipodi.sourceforge.net\/DTD\/sodipodi-0.dtd\" xmlns:inkscape=\"http:\/\/www.inkscape.org\/namespaces\/inkscape\" inkscape:version=\"1.0 (4035a4fb49, 2020-05-01)\" sodipodi:docname=\"pladdet.svg\" id=\"svg182\" viewBox=\"0 0 150 150\" height=\"200\" width=\"200\"><defs id=\"defs186\"><\/defs><metadata>Created by potrace 1.16, written by Peter Selinger 2001-2019  <\/metadata><g id=\"g180\" transform=\"matrix(0.08241758,0,0,-0.08241758,-226.64833,250.04748)\"><path id=\"path176\" d=\"m 3137,2883 c -3,-5 -34,-120 -70,-258 -268,-1026 -317,-1214 -317,-1227 0,-21 301,-26 317,-6 6,7 43,135 83,283 40,149 76,280 81,293 8,21 13,22 144,22 74,0 135,3 135,8 0,4 -17,72 -38,152 l -39,145 -56,3 c -32,2 -57,8 -57,13 0,12 34,148 56,227 l 16,52 271,-2 272,-3 33,-129 c 18,-71 31,-135 28,-142 -4,-9 -22,-14 -52,-14 h -46 l 6,-33 c 3,-19 21,-87 39,-153 l 32,-119 120,-3 c 148,-4 183,5 226,60 57,71 54,103 -41,468 -66,252 -87,320 -106,340 l -24,25 -504,3 c -278,1 -507,-1 -509,-5 z\"><\/path><path id=\"path178\" d=\"m 3440,2535 c 0,-6 77,-320 121,-490 17,-66 59,-223 94,-350 35,-126 68,-249 75,-272 l 11,-43 h 414 c 380,0 415,1 415,17 0,9 -16,78 -36,155 l -37,138 h -246 c -135,0 -251,4 -257,8 -7,4 -35,97 -64,207 -29,110 -78,297 -109,415 l -56,215 -163,3 c -89,1 -162,0 -162,-3 z\"><\/path><\/g><\/svg>                                                            \n                                                            <span class=\"eael-tab-title title-after-icon\" >PLADDET<\/span>                            \n                                                    <\/li>\n                    \n                                  <\/ul>\n            <\/div>\n            \n            <div class=\"eael-tabs-content\">\n\t\t        \n                    <div id=\"pladdet-tab\" class=\"clearfix eael-tab-content-item inactive\" data-title-link=\"pladdet-tab\">\n\t\t\t\t        <style>.elementor-1511 .elementor-element.elementor-element-3777fbf3:not(.elementor-motion-effects-element-type-background), .elementor-1511 .elementor-element.elementor-element-3777fbf3 > .elementor-motion-effects-container > .elementor-motion-effects-layer{background-color:rgba(122, 122, 122, 0.18);}.elementor-1511 .elementor-element.elementor-element-3777fbf3{transition:background 0.3s, border 0.3s, border-radius 0.3s, box-shadow 0.3s;}.elementor-1511 .elementor-element.elementor-element-3777fbf3 > .elementor-background-overlay{transition:background 0.3s, border-radius 0.3s, opacity 0.3s;}.elementor-widget-icon-box.elementor-view-stacked .elementor-icon{background-color:var( --e-global-color-primary );}.elementor-widget-icon-box.elementor-view-framed .elementor-icon, .elementor-widget-icon-box.elementor-view-default .elementor-icon{fill:var( --e-global-color-primary );color:var( --e-global-color-primary );border-color:var( --e-global-color-primary );}.elementor-widget-icon-box .elementor-icon-box-title, .elementor-widget-icon-box .elementor-icon-box-title a{font-family:var( --e-global-typography-primary-font-family ), Sans-serif;font-weight:var( --e-global-typography-primary-font-weight );}.elementor-widget-icon-box .elementor-icon-box-title{color:var( --e-global-color-primary );}.elementor-widget-icon-box:has(:hover) .elementor-icon-box-title,\n\t\t\t\t\t .elementor-widget-icon-box:has(:focus) .elementor-icon-box-title{color:var( --e-global-color-primary );}.elementor-widget-icon-box .elementor-icon-box-description{font-family:var( --e-global-typography-text-font-family ), Sans-serif;font-weight:var( --e-global-typography-text-font-weight );color:var( --e-global-color-text );}.elementor-1511 .elementor-element.elementor-element-1a871d55 .elementor-icon-box-wrapper{gap:15px;}.elementor-1511 .elementor-element.elementor-element-1a871d55 .elementor-icon{font-size:108px;}.elementor-1511 .elementor-element.elementor-element-1a871d55 .elementor-icon-box-description{letter-spacing:-0.9px;}.elementor-widget-text-editor{font-family:var( --e-global-typography-text-font-family ), Sans-serif;font-weight:var( --e-global-typography-text-font-weight );color:var( --e-global-color-text );}.elementor-widget-text-editor.elementor-drop-cap-view-stacked .elementor-drop-cap{background-color:var( --e-global-color-primary );}.elementor-widget-text-editor.elementor-drop-cap-view-framed .elementor-drop-cap, .elementor-widget-text-editor.elementor-drop-cap-view-default .elementor-drop-cap{color:var( --e-global-color-primary );border-color:var( --e-global-color-primary );}.elementor-widget-image-gallery .gallery-item .gallery-caption{font-family:var( --e-global-typography-accent-font-family ), Sans-serif;font-weight:var( --e-global-typography-accent-font-weight );}.elementor-1511 .elementor-element.elementor-element-9fdeda5 .gallery-item{padding:0 0px 0px 0;}.elementor-1511 .elementor-element.elementor-element-9fdeda5 .gallery{margin:0 -0px -0px 0;}.elementor-1511 .elementor-element.elementor-element-9fdeda5 .gallery-item .gallery-caption{text-align:center;}.elementor-1511 .elementor-element.elementor-element-ccdba41{text-align:center;color:#717171;}.elementor-1511 .elementor-element.elementor-element-ccdba41 > .elementor-widget-container{margin:-10px 0px 0px 0px;}.elementor-1511 .elementor-element.elementor-element-2e522552 .eael-img-accordion {height:700px;}.elementor-1511 .elementor-element.elementor-element-2e522552 .eael-img-accordion{border-radius:4px;}.elementor-1511 .elementor-element.elementor-element-2e522552 .eael-img-accordion a:first-child{border-radius:4px 0 0 4px;}.elementor-1511 .elementor-element.elementor-element-2e522552 .eael-img-accordion a:last-child{border-radius:0 4px 4px 0;}.elementor-1511 .elementor-element.elementor-element-2e522552 .eael-img-accordion .overlay .img-accordion-title{color:#fff !important;}.elementor-1511 .elementor-element.elementor-element-2e522552 .eael-img-accordion .overlay p{color:#fff;}@media(min-width:768px){.elementor-1511 .elementor-element.elementor-element-5c86a0a6{width:11.315%;}.elementor-1511 .elementor-element.elementor-element-6a71ca01{width:70.917%;}.elementor-1511 .elementor-element.elementor-element-31516c31{width:17.434%;}}<\/style>\t\t<div data-elementor-type=\"page\" data-elementor-id=\"1511\" class=\"elementor elementor-1511\">\n\t\t\t\t\t\t<section class=\"elementor-section elementor-top-section elementor-element elementor-element-3777fbf3 elementor-section-stretched elementor-section-full_width elementor-section-height-default elementor-section-height-default\" data-id=\"3777fbf3\" data-element_type=\"section\" data-e-type=\"section\" data-settings=\"{&quot;stretch_section&quot;:&quot;section-stretched&quot;,&quot;background_background&quot;:&quot;classic&quot;}\">\n\t\t\t\t\t\t<div class=\"elementor-container elementor-column-gap-default\">\n\t\t\t\t\t<div class=\"elementor-column elementor-col-100 elementor-top-column elementor-element elementor-element-19db00db\" data-id=\"19db00db\" data-element_type=\"column\" data-e-type=\"column\">\n\t\t\t<div class=\"elementor-widget-wrap elementor-element-populated\">\n\t\t\t\t\t\t<section class=\"elementor-section elementor-inner-section elementor-element elementor-element-150e0dc6 elementor-section-boxed elementor-section-height-default elementor-section-height-default\" data-id=\"150e0dc6\" data-element_type=\"section\" data-e-type=\"section\">\n\t\t\t\t\t\t<div class=\"elementor-container elementor-column-gap-default\">\n\t\t\t\t\t<div class=\"elementor-column elementor-col-33 elementor-inner-column elementor-element elementor-element-5c86a0a6\" data-id=\"5c86a0a6\" data-element_type=\"column\" data-e-type=\"column\">\n\t\t\t<div class=\"elementor-widget-wrap elementor-element-populated\">\n\t\t\t\t\t\t<div class=\"elementor-element elementor-element-1a871d55 elementor-view-default elementor-position-block-start elementor-mobile-position-block-start elementor-widget elementor-widget-icon-box\" data-id=\"1a871d55\" data-element_type=\"widget\" data-e-type=\"widget\" data-widget_type=\"icon-box.default\">\n\t\t\t\t<div class=\"elementor-widget-container\">\n\t\t\t\t\t\t\t<div class=\"elementor-icon-box-wrapper\">\n\n\t\t\t\t\t\t<div class=\"elementor-icon-box-icon\">\n\t\t\t\t<span  class=\"elementor-icon\">\n\t\t\t\t<svg xmlns:dc=\"http:\/\/purl.org\/dc\/elements\/1.1\/\" xmlns:cc=\"http:\/\/creativecommons.org\/ns#\" xmlns:rdf=\"http:\/\/www.w3.org\/1999\/02\/22-rdf-syntax-ns#\" xmlns:svg=\"http:\/\/www.w3.org\/2000\/svg\" xmlns=\"http:\/\/www.w3.org\/2000\/svg\" xmlns:sodipodi=\"http:\/\/sodipodi.sourceforge.net\/DTD\/sodipodi-0.dtd\" xmlns:inkscape=\"http:\/\/www.inkscape.org\/namespaces\/inkscape\" inkscape:version=\"1.0 (4035a4fb49, 2020-05-01)\" sodipodi:docname=\"pladdet.svg\" id=\"svg182\" viewBox=\"0 0 150 150\" height=\"200\" width=\"200\"><defs id=\"defs186\"><\/defs><metadata>Created by potrace 1.16, written by Peter Selinger 2001-2019  <\/metadata><g id=\"g180\" transform=\"matrix(0.08241758,0,0,-0.08241758,-226.64833,250.04748)\"><path id=\"path176\" d=\"m 3137,2883 c -3,-5 -34,-120 -70,-258 -268,-1026 -317,-1214 -317,-1227 0,-21 301,-26 317,-6 6,7 43,135 83,283 40,149 76,280 81,293 8,21 13,22 144,22 74,0 135,3 135,8 0,4 -17,72 -38,152 l -39,145 -56,3 c -32,2 -57,8 -57,13 0,12 34,148 56,227 l 16,52 271,-2 272,-3 33,-129 c 18,-71 31,-135 28,-142 -4,-9 -22,-14 -52,-14 h -46 l 6,-33 c 3,-19 21,-87 39,-153 l 32,-119 120,-3 c 148,-4 183,5 226,60 57,71 54,103 -41,468 -66,252 -87,320 -106,340 l -24,25 -504,3 c -278,1 -507,-1 -509,-5 z\"><\/path><path id=\"path178\" d=\"m 3440,2535 c 0,-6 77,-320 121,-490 17,-66 59,-223 94,-350 35,-126 68,-249 75,-272 l 11,-43 h 414 c 380,0 415,1 415,17 0,9 -16,78 -36,155 l -37,138 h -246 c -135,0 -251,4 -257,8 -7,4 -35,97 -64,207 -29,110 -78,297 -109,415 l -56,215 -163,3 c -89,1 -162,0 -162,-3 z\"><\/path><\/g><\/svg>\t\t\t\t<\/span>\n\t\t\t<\/div>\n\t\t\t\n\t\t\t\t\t\t<div class=\"elementor-icon-box-content\">\n\n\t\t\t\t\t\t\t\t\t<h4 class=\"elementor-icon-box-title\">\n\t\t\t\t\t\t<span  >\n\t\t\t\t\t\t\tPLADDET\t\t\t\t\t\t<\/span>\n\t\t\t\t\t<\/h4>\n\t\t\t\t\n\t\t\t\t\t\t\t\t\t<p class=\"elementor-icon-box-description\">\n\t\t\t\t\t\tType PDH\t\t\t\t\t<\/p>\n\t\t\t\t\n\t\t\t<\/div>\n\t\t\t\n\t\t<\/div>\n\t\t\t\t\t\t<\/div>\n\t\t\t\t<\/div>\n\t\t\t\t\t<\/div>\n\t\t<\/div>\n\t\t\t\t<div class=\"elementor-column elementor-col-33 elementor-inner-column elementor-element elementor-element-6a71ca01\" data-id=\"6a71ca01\" data-element_type=\"column\" data-e-type=\"column\">\n\t\t\t<div class=\"elementor-widget-wrap elementor-element-populated\">\n\t\t\t\t\t\t<div class=\"elementor-element elementor-element-55c69ecb elementor-widget elementor-widget-text-editor\" data-id=\"55c69ecb\" data-element_type=\"widget\" data-e-type=\"widget\" data-widget_type=\"text-editor.default\">\n\t\t\t\t<div class=\"elementor-widget-container\">\n\t\t\t\t\t\t\t\t\t<p><strong>Brises roche hydraulique<\/strong><\/p><p>Construit avec une technologie avanc\u00e9e fiable, le brise roche de d\u00e9molition Pladdet a une conception intelligente, de haute qualit\u00e9 et offre une productivit\u00e9 exceptionnelle.<\/p><p>La conception des brises roche hydrauliques Pladdet n&rsquo;incorpore que deux pi\u00e8ces mobiles, offrant fiabilit\u00e9 et longue dur\u00e9e de vie.<br \/>Les brises roche hydrauliques Pladdet offrent un rapport puissance \/ poids exceptionnel et une efficacit\u00e9 exceptionnelle avec le syst\u00e8me de r\u00e9g\u00e9n\u00e9ration d&rsquo;huile.<br \/>Chaque brise-roche a une large plage de d\u00e9bit d&rsquo;huile permettant le montage du m\u00eame disjoncteur sur une large gamme d&rsquo;\u00e9quipements, convenant \u00e0 une vari\u00e9t\u00e9 d&rsquo;applications.<br \/>Vous pouvez \u00eatre assur\u00e9 de trouver les bonnes fonctionnalit\u00e9s.<\/p><p>Les brises roche sont capables de travailler avec une pression de retour jusqu&rsquo;\u00e0 16 Bar, de sorte que les marteaux conviennent aux machines les plus r\u00e9centes.<\/p>\t\t\t\t\t\t\t\t<\/div>\n\t\t\t\t<\/div>\n\t\t\t\t<div class=\"elementor-element elementor-element-9fdeda5 gallery-spacing-custom elementor-widget elementor-widget-image-gallery\" data-id=\"9fdeda5\" data-element_type=\"widget\" data-e-type=\"widget\" data-widget_type=\"image-gallery.default\">\n\t\t\t\t<div class=\"elementor-widget-container\">\n\t\t\t\t\t\t\t<div class=\"elementor-image-gallery\">\n\t\t\t<div id='gallery-5' class='gallery galleryid-836 gallery-columns-1 gallery-size-full'><figure class='gallery-item'>\n\t\t\t<div class='gallery-icon landscape'>\n\t\t\t\t<a data-elementor-open-lightbox=\"yes\" data-elementor-lightbox-slideshow=\"9fdeda5\" data-elementor-lightbox-title=\"PLADDET - Brise roche - PDH\" data-e-action-hash=\"#elementor-action%3Aaction%3Dlightbox%26settings%3DeyJpZCI6MTUxNSwidXJsIjoiaHR0cDpcL1wvZXVyb3BlLWVxdWlwZW1lbnQuY29tXC93cC1jb250ZW50XC91cGxvYWRzXC8yMDIwXC8wOVwvUExBRERFVC1CcmlzZS1yb2NoZS1QREgucG5nIiwic2xpZGVzaG93IjoiOWZkZWRhNSJ9\" href='http:\/\/europe-equipement.com\/wp-content\/uploads\/2020\/09\/PLADDET-Brise-roche-PDH.png'><img fetchpriority=\"high\" decoding=\"async\" width=\"1018\" height=\"796\" src=\"http:\/\/europe-equipement.com\/wp-content\/uploads\/2020\/09\/PLADDET-Brise-roche-PDH.png\" class=\"attachment-full size-full\" alt=\"\" srcset=\"http:\/\/europe-equipement.com\/wp-content\/uploads\/2020\/09\/PLADDET-Brise-roche-PDH.png 1018w, http:\/\/europe-equipement.com\/wp-content\/uploads\/2020\/09\/PLADDET-Brise-roche-PDH-300x235.png 300w, http:\/\/europe-equipement.com\/wp-content\/uploads\/2020\/09\/PLADDET-Brise-roche-PDH-768x601.png 768w, http:\/\/europe-equipement.com\/wp-content\/uploads\/2020\/09\/PLADDET-Brise-roche-PDH-24x19.png 24w, http:\/\/europe-equipement.com\/wp-content\/uploads\/2020\/09\/PLADDET-Brise-roche-PDH-36x28.png 36w, http:\/\/europe-equipement.com\/wp-content\/uploads\/2020\/09\/PLADDET-Brise-roche-PDH-48x38.png 48w\" sizes=\"(max-width: 1018px) 100vw, 1018px\" \/><\/a>\n\t\t\t<\/div><\/figure>\n\t\t<\/div>\n\t\t<\/div>\n\t\t\t\t\t\t<\/div>\n\t\t\t\t<\/div>\n\t\t\t\t<div class=\"elementor-element elementor-element-ccdba41 elementor-widget elementor-widget-text-editor\" data-id=\"ccdba41\" data-element_type=\"widget\" data-e-type=\"widget\" data-widget_type=\"text-editor.default\">\n\t\t\t\t<div class=\"elementor-widget-container\">\n\t\t\t\t\t\t\t\t\t<p><em>Cliquer sur l&rsquo;image pour afficher les caract\u00e9ristiques en plein \u00e9cran.<\/em><\/p>\t\t\t\t\t\t\t\t<\/div>\n\t\t\t\t<\/div>\n\t\t\t\t\t<\/div>\n\t\t<\/div>\n\t\t\t\t<div class=\"elementor-column elementor-col-33 elementor-inner-column elementor-element elementor-element-31516c31\" data-id=\"31516c31\" data-element_type=\"column\" data-e-type=\"column\">\n\t\t\t<div class=\"elementor-widget-wrap elementor-element-populated\">\n\t\t\t\t\t\t<div class=\"elementor-element elementor-element-2e522552 elementor-widget elementor-widget-eael-image-accordion\" data-id=\"2e522552\" data-element_type=\"widget\" data-e-type=\"widget\" data-widget_type=\"eael-image-accordion.default\">\n\t\t\t\t<div class=\"elementor-widget-container\">\n\t\t\t\t\t    <div class=\"eael-img-accordion accordion-direction-vertical eael-img-accordion-horizontal-align-center eael-img-accordion-vertical-align-center\" id=\"eael-img-accordion-2e522552\" data-img-accordion-id=\"2e522552\" data-img-accordion-type=\"on-hover\">\n                    \n            <div class=\"eael-image-accordion-hover eael-image-accordion-item\" style=\"background-image: url(http:\/\/europe-equipement.com\/wp-content\/uploads\/2020\/09\/PLADDET-PDH-6.jpeg);\"  tabindex=\"0\">\n                <div class=\"overlay\">\n                                        <div class=\"overlay-inner \">\n                        <a href=\"http:\/\/europe-equipement.com\/wp-content\/uploads\/2020\/09\/PLADDET-PDH-6.jpeg\"><\/a>                    <\/div>\n                <\/div>\n            <\/div>\n                    \n            <div class=\"eael-image-accordion-hover eael-image-accordion-item\" style=\"background-image: url(http:\/\/europe-equipement.com\/wp-content\/uploads\/2020\/11\/PLADDET-PDH-5.jpeg);\"  tabindex=\"0\">\n                <div class=\"overlay\">\n                                        <div class=\"overlay-inner \">\n                        <a href=\"http:\/\/europe-equipement.com\/wp-content\/uploads\/2020\/11\/PLADDET-PDH-5.jpeg\"><\/a>                    <\/div>\n                <\/div>\n            <\/div>\n                    \n            <div class=\"eael-image-accordion-hover eael-image-accordion-item\" style=\"background-image: url(http:\/\/europe-equipement.com\/wp-content\/uploads\/2020\/09\/PLADDET-PDH-2.jpg);\"  tabindex=\"0\">\n                <div class=\"overlay\">\n                                        <div class=\"overlay-inner \">\n                        <a href=\"http:\/\/europe-equipement.com\/wp-content\/uploads\/2020\/09\/PLADDET-PDH-2.jpg\"><\/a>                    <\/div>\n                <\/div>\n            <\/div>\n                    \n            <div class=\"eael-image-accordion-hover eael-image-accordion-item\" style=\"background-image: url(http:\/\/europe-equipement.com\/wp-content\/uploads\/2020\/09\/PLADDET-PDH-3.jpg);\"  tabindex=\"0\">\n                <div class=\"overlay\">\n                                        <div class=\"overlay-inner \">\n                        <a href=\"http:\/\/europe-equipement.com\/wp-content\/uploads\/2020\/09\/PLADDET-PDH-3.jpg\"><\/a>                    <\/div>\n                <\/div>\n            <\/div>\n                    \n            <div class=\"eael-image-accordion-hover eael-image-accordion-item\" style=\"background-image: url(http:\/\/europe-equipement.com\/wp-content\/uploads\/2020\/09\/PLADDET-PDH-4.jpg);\"  tabindex=\"0\">\n                <div class=\"overlay\">\n                                        <div class=\"overlay-inner \">\n                        <a href=\"http:\/\/europe-equipement.com\/wp-content\/uploads\/2020\/09\/PLADDET-PDH-4.jpg\"><\/a>                    <\/div>\n                <\/div>\n            <\/div>\n                <\/div>\n        <style typr=\"text\/css\">\n                    #eael-img-accordion-2e522552 .eael-image-accordion-hover:hover {\n                        flex: 3 1 0% !important;\n                    }\n                    #eael-img-accordion-2e522552 .eael-image-accordion-hover:hover:hover .overlay-inner * {\n                        opacity: 1;\n                        visibility: visible;\n                        transform: none;\n                        transition: all .3s .3s;\n                    }\n                <\/style>\t\t\t\t<\/div>\n\t\t\t\t<\/div>\n\t\t\t\t\t<\/div>\n\t\t<\/div>\n\t\t\t\t\t<\/div>\n\t\t<\/section>\n\t\t\t\t\t<\/div>\n\t\t<\/div>\n\t\t\t\t\t<\/div>\n\t\t<\/section>\n\t\t\t\t<\/div>\n\t\t                    <\/div>\n\t\t                    <\/div>\n        <\/div>\n\t\t\t\t<\/div>\n\t\t\t\t<\/div>\n\t\t\t\t\t<\/div>\n\t\t<\/div>\n\t\t\t\t\t<\/div>\n\t\t<\/section>\n\t\t\t\t<\/div>\n\t\t","protected":false},"excerpt":{"rendered":"<p>BRISES ROCHE Created by potrace 1.16, written by Peter Selinger 2001-2019 image\/svg+xml PLADDET Created by potrace 1.16, written by Peter Selinger 2001-2019 image\/svg+xml PLADDET Type PDH Brises roche hydraulique Construit avec une technologie avanc\u00e9e fiable, le brise roche de d\u00e9molition<\/p>\n","protected":false},"author":1,"featured_media":0,"parent":552,"menu_order":0,"comment_status":"closed","ping_status":"closed","template":"page-templates\/page-builder.php","meta":{"footnotes":""},"class_list":["post-1940","page","type-page","status-publish","hentry"],"_links":{"self":[{"href":"http:\/\/europe-equipement.com\/index.php\/wp-json\/wp\/v2\/pages\/1940","targetHints":{"allow":["GET"]}}],"collection":[{"href":"http:\/\/europe-equipement.com\/index.php\/wp-json\/wp\/v2\/pages"}],"about":[{"href":"http:\/\/europe-equipement.com\/index.php\/wp-json\/wp\/v2\/types\/page"}],"author":[{"embeddable":true,"href":"http:\/\/europe-equipement.com\/index.php\/wp-json\/wp\/v2\/users\/1"}],"replies":[{"embeddable":true,"href":"http:\/\/europe-equipement.com\/index.php\/wp-json\/wp\/v2\/comments?post=1940"}],"version-history":[{"count":3,"href":"http:\/\/europe-equipement.com\/index.php\/wp-json\/wp\/v2\/pages\/1940\/revisions"}],"predecessor-version":[{"id":3015,"href":"http:\/\/europe-equipement.com\/index.php\/wp-json\/wp\/v2\/pages\/1940\/revisions\/3015"}],"up":[{"embeddable":true,"href":"http:\/\/europe-equipement.com\/index.php\/wp-json\/wp\/v2\/pages\/552"}],"wp:attachment":[{"href":"http:\/\/europe-equipement.com\/index.php\/wp-json\/wp\/v2\/media?parent=1940"}],"curies":[{"name":"wp","href":"https:\/\/api.w.org\/{rel}","templated":true}]}}